{"id":46,"date":"2023-07-23T13:58:54","date_gmt":"2023-07-23T11:58:54","guid":{"rendered":"https:\/\/www.clemenceherout.com\/?page_id=46"},"modified":"2025-10-24T12:27:43","modified_gmt":"2025-10-24T10:27:43","slug":"a-propos-om","status":"publish","type":"page","link":"https:\/\/www.clemenceherout.com\/sv\/a-propos-om\/","title":{"rendered":"Om"},"content":{"rendered":"\n<p>Jag \u00e4r en fotograf och journalist som arbetar b\u00e5de i Sverige och i Frankrike. Jag samarbetar bland annat med&nbsp; NOTO kulturtidskriften och Ath\u00e9n\u00e9e Teatern i Paris. Jag \u00e4r ocks\u00e5 frilansfotograf, specialiserad p\u00e5 evenemang och portr\u00e4tt. Jag realiserar ocks\u00e5 mina projekt om relationen mellan m\u00e4nniskor och natur.<\/p>\n\n\n\n<p>Dessutom \u00f6vers\u00e4tter jag svenska till franska.<\/p>\n\n\n\n<div class=\"wp-block-image\"><figure class=\"aligncenter\"><img data-recalc-dims=\"1\" loading=\"lazy\" decoding=\"async\" width=\"300\" height=\"300\" src=\"https:\/\/i0.wp.com\/www.clemenceherout.com\/wp-content\/uploads\/2018\/03\/Clemence_Herout.jpg?resize=300%2C300&#038;ssl=1\" alt=\"\" class=\"wp-image-59\"\/><\/figure><\/div>\n\n\n\n<p>__________________________<\/p>\n\n\n\n<p>I share my time between France and Sweden. I work as a photographer and blogger for a national theatre in Paris and as a freelance event and portrait photographer. I work also as a press photographer for cultural newspapers: I am for instance responsible for two photo sections in the French art magazine&nbsp;NOTO.<\/p>\n\n\n\n<p>My artistic work aims at exploring the relations between humans and nature. After having learnt Swedish and Norwegian, I focuse currently my work on northern Europe, where nature plays an essential part in culture and everyday life.<\/p>\n\n\n\n<p>__________________________<\/p>\n\n\n\n<p><strong>S\u00e9lection d&#8217;articles articles de presse sur mon travail :&nbsp;<\/strong><\/p>\n\n\n\n<p>Sur l&#8217;exposition photo Stilla liv (La Su\u00e8de en ville)<br>\n<a href=\"https:\/\/lepetitjournal.com\/stockholm\/clemence-herout-la-rencontre-de-la-beaute-des-villes-suedoises-228339\">https:\/\/lepetitjournal.com\/stockholm\/clemence-herout-la-rencontre-de-la-beaute-des-villes-suedoises-228339<\/a><\/p>\n\n\n\n<p>Sur NOTO revue<br>\n<a href=\"https:\/\/lintervalle.blog\/2017\/04\/28\/la-guerre-du-gout-par-noto-revue-culturelle-gratuite\/\">https:\/\/lintervalle.blog\/2017\/04\/28\/la-guerre-du-gout-par-noto-revue-culturelle-gratuite\/<\/a><\/p>\n\n\n\n<p>Sur le blog pour le Th\u00e9\u00e2tre de l&#8217;Ath\u00e9n\u00e9e<br>\n<a href=\"http:\/\/www.mesillusionscomiques.com\/archive\/2011\/03\/21\/blog-clemence-athenee.html\">http:\/\/www.mesillusionscomiques.com\/archive\/2011\/03\/21\/blog-clemence-athenee.html<\/a><\/p>\n\n\n\n<div class=\"wp-block-image\"><figure class=\"aligncenter is-resized\"><a href=\"https:\/\/i0.wp.com\/www.clemenceherout.com\/wp-content\/uploads\/2018\/04\/La-Lettre-du-spectacle-Blog-17dec10.doc.jpg?ssl=1\"><img data-recalc-dims=\"1\" loading=\"lazy\" decoding=\"async\" src=\"https:\/\/i0.wp.com\/www.clemenceherout.com\/wp-content\/uploads\/2018\/04\/La-Lettre-du-spectacle-Blog-17dec10.doc.jpg?resize=459%2C586&#038;ssl=1\" alt=\"\" class=\"wp-image-830\" width=\"459\" height=\"586\"\/><\/a><\/figure><\/div>\n\n\n\n<p><em>La lettre du spectacle<\/em><\/p>\n\n\n\n<p>Sur ma traduction de Mademoiselle Julie de Strindberg<br>\n<a href=\"https:\/\/www.sceneweb.fr\/mademoiselle-julie-de-strindberg-dans-la-version-de-nils-ohlund\/\">https:\/\/www.sceneweb.fr\/mademoiselle-julie-de-strindberg-dans-la-version-de-nils-ohlund\/<\/a><\/p>\n\n\n\n<p style=\"text-align:right\"><em>Photo (c) J\u00e9r\u00f4me Delatour<\/em><\/p>\n","protected":false},"excerpt":{"rendered":"<p>Jag \u00e4r en fotograf och journalist som arbetar b\u00e5de i Sverige och i Frankrike. Jag samarbetar bland annat med&nbsp; NOTO kulturtidskriften och Ath\u00e9n\u00e9e Teatern i Paris. Jag \u00e4r ocks\u00e5 frilansfotograf, specialiserad p\u00e5 evenemang och portr\u00e4tt. Jag realiserar ocks\u00e5 mina projekt [&hellip;]<\/p>\n","protected":false},"author":1,"featured_media":0,"parent":0,"menu_order":0,"comment_status":"closed","ping_status":"closed","template":"","meta":{"jetpack_post_was_ever_published":false,"footnotes":""},"class_list":["post-46","page","type-page","status-publish","hentry"],"jetpack_sharing_enabled":true,"jetpack_shortlink":"https:\/\/wp.me\/P9Qm2U-K","_links":{"self":[{"href":"https:\/\/www.clemenceherout.com\/sv\/wp-json\/wp\/v2\/pages\/46","targetHints":{"allow":["GET"]}}],"collection":[{"href":"https:\/\/www.clemenceherout.com\/sv\/wp-json\/wp\/v2\/pages"}],"about":[{"href":"https:\/\/www.clemenceherout.com\/sv\/wp-json\/wp\/v2\/types\/page"}],"author":[{"embeddable":true,"href":"https:\/\/www.clemenceherout.com\/sv\/wp-json\/wp\/v2\/users\/1"}],"replies":[{"embeddable":true,"href":"https:\/\/www.clemenceherout.com\/sv\/wp-json\/wp\/v2\/comments?post=46"}],"version-history":[{"count":1,"href":"https:\/\/www.clemenceherout.com\/sv\/wp-json\/wp\/v2\/pages\/46\/revisions"}],"predecessor-version":[{"id":2349,"href":"https:\/\/www.clemenceherout.com\/sv\/wp-json\/wp\/v2\/pages\/46\/revisions\/2349"}],"wp:attachment":[{"href":"https:\/\/www.clemenceherout.com\/sv\/wp-json\/wp\/v2\/media?parent=46"}],"curies":[{"name":"wp","href":"https:\/\/api.w.org\/{rel}","templated":true}]}}