{"id":1003,"date":"2018-12-26T13:49:13","date_gmt":"2018-12-26T12:49:13","guid":{"rendered":"https:\/\/www.clemenceherout.com\/?page_id=1003"},"modified":"2018-12-28T16:22:38","modified_gmt":"2018-12-28T15:22:38","slug":"accueil","status":"publish","type":"page","link":"https:\/\/www.clemenceherout.com\/sv\/","title":{"rendered":"Accueil"},"content":{"rendered":"<div  class=\"one ppb_blog_minimal\"style=\"padding:15px 0 15px 0;\" >\n<div class=\"page_content_wrapper\">\n<div class=\"inner\">\n<div class=\"inner_wrapper\">\n<div class=\"one_third_bg\"><a href=\"https:\/\/www.clemenceherout.com\/evenements-2\/\"><\/p>\n<div class=\"blog_minimal_wrapper\">\n<div class=\"featured_image\" style=\"background-image:url('https:\/\/www.clemenceherout.com\/wp-content\/uploads\/2018\/03\/concours-cidre-aoc-cotentin_33473306716_o-1024x682.jpg');\"><\/div>\n<div class=\"background_overlay\"><\/div>\n<div class=\"content\">\n<h4>\u00c9v\u00e8nements 2<\/h4>\n<div class=\"post_detail\">26 d\u00e9cembre 2018<\/div>\n<\/div>\n<\/div>\n<p><\/a><\/div>\n<div class=\"one_third_bg\"><a href=\"https:\/\/www.clemenceherout.com\/evenements-evenemang\/\"><\/p>\n<div class=\"blog_minimal_wrapper\">\n<div class=\"featured_image\" style=\"background-image:url('https:\/\/www.clemenceherout.com\/wp-content\/uploads\/2018\/03\/concours-cidre-aoc-cotentin_33473306716_o-1024x682.jpg');\"><\/div>\n<div class=\"background_overlay\"><\/div>\n<div class=\"content\">\n<h4>\u00c9v\u00e9nements \/ Evenemang<\/h4>\n<div class=\"post_detail\">5 avril 2018<\/div>\n<\/div>\n<\/div>\n<p><\/a><\/div>\n<div class=\"one_third_bg\"><a href=\"https:\/\/www.clemenceherout.com\/reportages-reportagen\/\"><\/p>\n<div class=\"blog_minimal_wrapper\">\n<div class=\"featured_image\" style=\"background-image:url('https:\/\/www.clemenceherout.com\/wp-content\/uploads\/2018\/03\/josphine-thomachot-archetire-c-clmence-hrout_32885484312_o-1024x683.jpg');\"><\/div>\n<div class=\"background_overlay\"><\/div>\n<div class=\"content\">\n<h4>Reportages \/ reportagen<\/h4>\n<div class=\"post_detail\">5 avril 2018<\/div>\n<\/div>\n<\/div>\n<p><\/a><\/div>\n<div class=\"one_third_bg\"><a href=\"https:\/\/www.clemenceherout.com\/portraits-portratt\/\"><\/p>\n<div class=\"blog_minimal_wrapper\">\n<div class=\"featured_image\" style=\"background-image:url('https:\/\/www.clemenceherout.com\/wp-content\/uploads\/2018\/04\/Nils-5-1024x682.jpg');\"><\/div>\n<div class=\"background_overlay\"><\/div>\n<div class=\"content\">\n<h4>Portraits \/ Portr\u00e4tt<\/h4>\n<div class=\"post_detail\">5 avril 2018<\/div>\n<\/div>\n<\/div>\n<p><\/a><\/div>\n<div class=\"one_third_bg\"><a href=\"https:\/\/www.clemenceherout.com\/nous-sommes-des-passagers-vi-ar-resenarer\/\"><\/p>\n<div class=\"blog_minimal_wrapper\">\n<div class=\"featured_image\" style=\"background-image:url('https:\/\/www.clemenceherout.com\/wp-content\/uploads\/2018\/05\/PassagerscClemence_Herout16-1024x682.jpg');\"><\/div>\n<div class=\"background_overlay\"><\/div>\n<div class=\"content\">\n<h4>Nous sommes des passagers \/ Vi \u00e4r resen\u00e4rer<\/h4>\n<div class=\"post_detail\">3 avril 2018<\/div>\n<\/div>\n<\/div>\n<p><\/a><\/div>\n<div class=\"one_third_bg\"><a href=\"https:\/\/www.clemenceherout.com\/la-suede-en-ville-stilla-liv\/\"><\/p>\n<div class=\"blog_minimal_wrapper\">\n<div class=\"featured_image\" style=\"background-image:url('https:\/\/www.clemenceherout.com\/wp-content\/uploads\/2018\/03\/Sue\u0300de-site-cClemence_Herout-3-1-1024x683.jpg');\"><\/div>\n<div class=\"background_overlay\"><\/div>\n<div class=\"content\">\n<h4>La Su\u00e8de en ville \/ Stilla liv<\/h4>\n<div class=\"post_detail\">2 avril 2018<\/div>\n<\/div>\n<\/div>\n<p><\/a><\/div>\n<div class=\"one_third_bg\"><a href=\"https:\/\/www.clemenceherout.com\/voyages-resor\/\"><\/p>\n<div class=\"blog_minimal_wrapper\">\n<div class=\"featured_image\" style=\"background-image:url('https:\/\/www.clemenceherout.com\/wp-content\/uploads\/2018\/03\/Voyages-cClemence_Herout-3-1024x683.jpg');\"><\/div>\n<div class=\"background_overlay\"><\/div>\n<div class=\"content\">\n<h4>Voyages \/ Resor<\/h4>\n<div class=\"post_detail\">2 avril 2018<\/div>\n<\/div>\n<\/div>\n<p><\/a><\/div>\n<div class=\"one_third_bg\"><a href=\"https:\/\/www.clemenceherout.com\/presse-et-pub-press-och-reklam\/\"><\/p>\n<div class=\"blog_minimal_wrapper\">\n<div class=\"featured_image\" style=\"background-image:url('https:\/\/www.clemenceherout.com\/wp-content\/uploads\/2018\/03\/les-coloristes-la-manufacture-de-svres_38535588572_o-1024x676.jpg');\"><\/div>\n<div class=\"background_overlay\"><\/div>\n<div class=\"content\">\n<h4>Presse et pub \/ press och reklam<\/h4>\n<div class=\"post_detail\">31 mars 2018<\/div>\n<\/div>\n<\/div>\n<p><\/a><\/div>\n<div class=\"one_third_bg\"><a href=\"https:\/\/www.clemenceherout.com\/spectacles-forestallningar\/\"><\/p>\n<div class=\"blog_minimal_wrapper\">\n<div class=\"featured_image\" style=\"background-image:url('https:\/\/www.clemenceherout.com\/wp-content\/uploads\/2018\/04\/la-mtamorphose_19339795239_o-682x1024.jpg');\"><\/div>\n<div class=\"background_overlay\"><\/div>\n<div class=\"content\">\n<h4>Spectacles \/ F\u00f6rest\u00e4llningar<\/h4>\n<div class=\"post_detail\">30 mars 2018<\/div>\n<\/div>\n<\/div>\n<p><\/a><\/div>\n<div class=\"one_third_bg\"><a href=\"https:\/\/www.clemenceherout.com\/repetitions-repetitioner\/\"><\/p>\n<div class=\"blog_minimal_wrapper\">\n<div class=\"featured_image\" style=\"background-image:url('https:\/\/www.clemenceherout.com\/wp-content\/uploads\/2018\/04\/surprises_concertcclemence_herout8_8812091070_o-1024x682.jpg');\"><\/div>\n<div class=\"background_overlay\"><\/div>\n<div class=\"content\">\n<h4>R\u00e9p\u00e9titions \/ repetitioner<\/h4>\n<div class=\"post_detail\">30 mars 2018<\/div>\n<\/div>\n<\/div>\n<p><\/a><\/div>\n<div class=\"one_third_bg\"><a href=\"https:\/\/www.clemenceherout.com\/mariages-brollop\/\"><\/p>\n<div class=\"blog_minimal_wrapper\">\n<div class=\"featured_image\" style=\"background-image:url('https:\/\/www.clemenceherout.com\/wp-content\/uploads\/2018\/12\/Mariage_Lucie_JonhattancClemence_Herout13-1024x683.jpg');\"><\/div>\n<div class=\"background_overlay\"><\/div>\n<div class=\"content\">\n<h4>Mariages \/ BR\u00d6LLOP<\/h4>\n<div class=\"post_detail\">29 mars 2018<\/div>\n<\/div>\n<\/div>\n<p><\/a><\/div>\n<\/div>\n<\/div>\n<\/div>\n<\/div>\n","protected":false},"excerpt":{"rendered":"<p>\u00c9v\u00e8nements 2 26 d\u00e9cembre 2018 \u00c9v\u00e9nements \/ Evenemang 5 avril 2018 Reportages \/ reportagen 5 avril 2018 Portraits \/ Portr\u00e4tt 5 avril 2018 Nous sommes des passagers \/ Vi \u00e4r resen\u00e4rer 3 avril 2018 La Su\u00e8de en ville \/ Stilla [&hellip;]<\/p>\n","protected":false},"author":1,"featured_media":0,"parent":0,"menu_order":0,"comment_status":"closed","ping_status":"closed","template":"","meta":{"jetpack_post_was_ever_published":false,"footnotes":""},"class_list":["post-1003","page","type-page","status-publish","hentry"],"jetpack_sharing_enabled":false,"jetpack_shortlink":"https:\/\/wp.me\/P9Qm2U-gb","_links":{"self":[{"href":"https:\/\/www.clemenceherout.com\/sv\/wp-json\/wp\/v2\/pages\/1003","targetHints":{"allow":["GET"]}}],"collection":[{"href":"https:\/\/www.clemenceherout.com\/sv\/wp-json\/wp\/v2\/pages"}],"about":[{"href":"https:\/\/www.clemenceherout.com\/sv\/wp-json\/wp\/v2\/types\/page"}],"author":[{"embeddable":true,"href":"https:\/\/www.clemenceherout.com\/sv\/wp-json\/wp\/v2\/users\/1"}],"replies":[{"embeddable":true,"href":"https:\/\/www.clemenceherout.com\/sv\/wp-json\/wp\/v2\/comments?post=1003"}],"version-history":[{"count":0,"href":"https:\/\/www.clemenceherout.com\/sv\/wp-json\/wp\/v2\/pages\/1003\/revisions"}],"wp:attachment":[{"href":"https:\/\/www.clemenceherout.com\/sv\/wp-json\/wp\/v2\/media?parent=1003"}],"curies":[{"name":"wp","href":"https:\/\/api.w.org\/{rel}","templated":true}]}}