{"id":46,"date":"2023-07-23T13:58:54","date_gmt":"2023-07-23T11:58:54","guid":{"rendered":"https:\/\/www.clemenceherout.com\/?page_id=46"},"modified":"2025-10-24T12:27:43","modified_gmt":"2025-10-24T10:27:43","slug":"a-propos-om","status":"publish","type":"page","link":"https:\/\/www.clemenceherout.com\/fr\/a-propos-om\/","title":{"rendered":"\u00c0 propos"},"content":{"rendered":"\n<p><strong>Cr\u00e9atrice de contenus<\/strong> (textes, images, sons) entre la France et la Su\u00e8de, je suis sp\u00e9cialis\u00e9e dans les reportages et portraits. Contactez-moi pour couvrir vos \u00e9v\u00e9nements et spectacles, constituer un portfolio de vos activit\u00e9s (artisans et ouvriers au travail, sites industriels en fonctionnement, coulisses\u2026) ou r\u00e9aliser des portraits ou photos d&rsquo;\u00e9quipe. Je m&rsquo;adapte \u00e0 vos demandes et chartes graphiques pour fournir des images \u00e0 la fois naturelles et corporate.<\/p>\n\n\n\n<p><\/p>\n\n\n\n<p>J&rsquo;ai \u00e9galement particip\u00e9 \u00e0 quatre expositions : \u2022 <strong><em>Le merveilleux voyage \u00e0 travers la Su\u00e8de \u2022 <\/em><\/strong>programm\u00e9 aux semaines internationales de Quilly (France) en 2022, \u2022 <strong><em>Nous ne savions pas ce que vos yeux regardaient \u2022 <\/em><\/strong>(exposition collective) \u00e0 la <a href=\"http:\/\/www.caisseepargne-art-contemporain.fr\/\" target=\"_blank\" rel=\"noreferrer noopener\">Fondation pour l&rsquo;art contemporain <\/a>de Toulouse (France) en 2020, \u2022 <em><strong>Stilla Liv<\/strong><\/em> \u2022 \u00e0 <a href=\"https:\/\/www.louielouie.se\/\" target=\"_blank\" rel=\"noreferrer noopener\">Louie Louie<\/a> \u00e0 Stockholm (Su\u00e8de) en 2019 et enfin \u2022<em> <strong>La Su\u00e8de en ville<\/strong><\/em> \u2022 \u00e0 la maison su\u00e9doise de la <a href=\"https:\/\/www.ciup.fr\/\" target=\"_blank\" rel=\"noreferrer noopener\">Cit\u00e9 internationale universitaire de Paris<\/a> (France) en 2018.<\/p>\n\n\n<div class=\"wp-block-image\">\n<figure class=\"aligncenter\"><img data-recalc-dims=\"1\" loading=\"lazy\" decoding=\"async\" width=\"300\" height=\"300\" src=\"https:\/\/i0.wp.com\/www.clemenceherout.com\/wp-content\/uploads\/2018\/03\/Clemence_Herout.jpg?resize=300%2C300&#038;ssl=1\" alt=\"\" class=\"wp-image-59\"\/><\/figure><\/div>\n\n\n<p>__________________________<\/p>\n\n\n\n<p><strong>S\u00e9lection d&rsquo;articles articles de presse sur mon travail :&nbsp;<\/strong><\/p>\n\n\n\n<p>Sur l&rsquo;exposition photo Stilla liv \u00e0 Stockholm<br> <a href=\"https:\/\/lepetitjournal.com\/stockholm\/clemence-herout-la-rencontre-de-la-beaute-des-villes-suedoises-228339\">https:\/\/lepetitjournal.com\/stockholm\/clemence-herout-la-rencontre-de-la-beaute-des-villes-suedoises-228339<\/a><\/p>\n\n\n\n<p>Sur NOTO revue<br>\n<a href=\"https:\/\/lintervalle.blog\/2017\/04\/28\/la-guerre-du-gout-par-noto-revue-culturelle-gratuite\/\">https:\/\/lintervalle.blog\/2017\/04\/28\/la-guerre-du-gout-par-noto-revue-culturelle-gratuite\/<\/a><\/p>\n\n\n\n<p>Sur le blog pour le Th\u00e9\u00e2tre de l&rsquo;Ath\u00e9n\u00e9e<br>\n<a href=\"http:\/\/www.mesillusionscomiques.com\/archive\/2011\/03\/21\/blog-clemence-athenee.html\">http:\/\/www.mesillusionscomiques.com\/archive\/2011\/03\/21\/blog-clemence-athenee.html<\/a><\/p>\n\n\n<div class=\"wp-block-image\">\n<figure class=\"aligncenter is-resized\"><a href=\"https:\/\/i0.wp.com\/www.clemenceherout.com\/wp-content\/uploads\/2018\/04\/La-Lettre-du-spectacle-Blog-17dec10.doc.jpg?ssl=1\"><img data-recalc-dims=\"1\" loading=\"lazy\" decoding=\"async\" width=\"1602\" height=\"2048\" src=\"https:\/\/i0.wp.com\/www.clemenceherout.com\/wp-content\/uploads\/2018\/04\/La-Lettre-du-spectacle-Blog-17dec10.doc.jpg?resize=1602%2C2048&#038;ssl=1\" alt=\"\" class=\"wp-image-830\" style=\"width:472px;height:603px\"\/><\/a><\/figure><\/div>\n\n\n<p><em>La lettre du spectacle<\/em><\/p>\n\n\n\n<p class=\"has-text-align-right\"><em>Photo (c) J\u00e9r\u00f4me Delatour<\/em><\/p>\n","protected":false},"excerpt":{"rendered":"<p>Cr\u00e9atrice de contenus (textes, images, sons) entre la France et la Su\u00e8de, je suis sp\u00e9cialis\u00e9e dans les reportages et portraits. Contactez-moi pour couvrir vos \u00e9v\u00e9nements et spectacles, constituer un portfolio de vos activit\u00e9s (artisans et ouvriers au travail, sites industriels [&hellip;]<\/p>\n","protected":false},"author":1,"featured_media":0,"parent":0,"menu_order":0,"comment_status":"closed","ping_status":"closed","template":"","meta":{"jetpack_post_was_ever_published":false,"footnotes":""},"class_list":["post-46","page","type-page","status-publish","hentry"],"jetpack_sharing_enabled":true,"jetpack_shortlink":"https:\/\/wp.me\/P9Qm2U-K","_links":{"self":[{"href":"https:\/\/www.clemenceherout.com\/fr\/wp-json\/wp\/v2\/pages\/46","targetHints":{"allow":["GET"]}}],"collection":[{"href":"https:\/\/www.clemenceherout.com\/fr\/wp-json\/wp\/v2\/pages"}],"about":[{"href":"https:\/\/www.clemenceherout.com\/fr\/wp-json\/wp\/v2\/types\/page"}],"author":[{"embeddable":true,"href":"https:\/\/www.clemenceherout.com\/fr\/wp-json\/wp\/v2\/users\/1"}],"replies":[{"embeddable":true,"href":"https:\/\/www.clemenceherout.com\/fr\/wp-json\/wp\/v2\/comments?post=46"}],"version-history":[{"count":1,"href":"https:\/\/www.clemenceherout.com\/fr\/wp-json\/wp\/v2\/pages\/46\/revisions"}],"predecessor-version":[{"id":2349,"href":"https:\/\/www.clemenceherout.com\/fr\/wp-json\/wp\/v2\/pages\/46\/revisions\/2349"}],"wp:attachment":[{"href":"https:\/\/www.clemenceherout.com\/fr\/wp-json\/wp\/v2\/media?parent=46"}],"curies":[{"name":"wp","href":"https:\/\/api.w.org\/{rel}","templated":true}]}}